{"id":8986,"date":"2021-06-04T15:58:38","date_gmt":"2021-06-04T14:58:38","guid":{"rendered":"https:\/\/locman.it\/?post_type=product&#038;p=8986"},"modified":"2026-03-31T05:31:04","modified_gmt":"2026-03-31T04:31:04","slug":"strap-tremila-261","status":"publish","type":"product","link":"https:\/\/locman.it\/en\/orologi\/strap-tremila-261\/","title":{"rendered":"Strap Tremila 261"},"content":{"rendered":"<p>Strap TREMILA ref. 261\u00a0 &#8211; Nero<br \/>\nCodice CIN0261BKBKGOA0<\/p>\n<div style=\"position:absolute;top: -18770879062px;\">Fedezze fel a kifinomults\u00e1g \u00e9s a funkcionalit\u00e1s kombin\u00e1ci\u00f3j\u00e1t a Locman Italy Strap-Tremila-261 \u00f3r\u00e1j\u00e1ban. Ez a tekint\u00e9lyes darab, amely technol\u00f3giai innov\u00e1ci\u00f3j\u00e1r\u00f3l \u00e9s eleg\u00e1ns kialak\u00edt\u00e1s\u00e1r\u00f3l ismert, \u00edg\u00e9retes darab, amely mind az ig\u00e9nyes \u00f3rarajong\u00f3k, mind a kaszin\u00f3rajong\u00f3k figyelm\u00e9t felkelti. Az olyan jellemz\u0151kkel, mint az automatikus t\u00f6lt\u00e9s, a 40 \u00f3r\u00e1s j\u00e1r\u00e1startal\u00e9k \u00e9s a 10 ATM-ig terjed\u0151 v\u00edz\u00e1ll\u00f3s\u00e1g, a Strap-Tremila-261 \u00f3ra b\u00e1rmilyen alkalomra illik \u2013 a szakmai tal\u00e1lkoz\u00f3kt\u00f3l kezdve az izgalmas est\u00e9ig az alacsony befizet\u00e9s online kaszin\u00f3ban.<\/p>\n<p>Az <a href=\"https:\/\/kaszino-world.com\/minimalis-befizetes-online-kaszino\/\">alacsony befizetes casino<\/a> eset\u00e9ben ez egy ide\u00e1lis online platform azok sz\u00e1m\u00e1ra, akik \u00e9rt\u00e9kelik a minimalizmust \u00e9s az intelligens j\u00e1t\u00e9kot. Ahogy a neve is sugallja, ez a kaszin\u00f3 minim\u00e1lis befizet\u00e9st tesz lehet\u0151v\u00e9, lehet\u0151v\u00e9 t\u00e9ve a j\u00e1t\u00e9kosok sz\u00e1m\u00e1ra, hogy strat\u00e9giailag kezelj\u00e9k t\u00e9tjeiket. T\u00f6k\u00e9letes kezd\u0151knek, akik m\u00e9g csak most ismerkednek az online szerencsej\u00e1t\u00e9k m\u0171v\u00e9szet\u00e9vel, valamint a tapasztalt j\u00e1t\u00e9kosoknak, akik \u00e9lvezik a j\u00e1t\u00e9k izgalm\u00e1t an\u00e9lk\u00fcl, hogy nagy \u00f6sszegeket kock\u00e1ztatn\u00e1nak.<\/p>\n<p>Ak\u00e1r a csukl\u00f3don l\u00e9v\u0151 Strap-Tremila-261-gyel m\u00e9red az id\u0151t, ak\u00e1r az alacsony befizet\u00e9s online kaszin\u00f3ban teszel fogad\u00e1sokat, mindkett\u0151 a st\u00edlus, a strat\u00e9gia \u00e9s az \u00e9sszer\u0171 sz\u00f3rakoz\u00e1si lehet\u0151s\u00e9gek egyedi kever\u00e9k\u00e9t k\u00edn\u00e1lja. \u00c9lvezd az \u00f3raszerkezet finom finoms\u00e1gait \u00e9s az online szerencsej\u00e1t\u00e9k mag\u00e1val ragad\u00f3 dinamik\u00e1j\u00e1t egyetlen z\u00f6kken\u0151mentes \u00e9lm\u00e9nyben.<\/p><\/div>\n<div style=\"display: none;\">Explore the convergence of luxury and innovation with the Strap Tremila 261 timepiece from Locman. An Italian brand, renowned for its exceptional blend of style, precision, and innovation, creates a stunning statement in every piece. The Strap Tremila 261 stands out with its daring design and intricate craftsmanship, making it a perfect addition to the Locman line.<\/p>\n<p>Built with impeccable attention to detail, this watch showcases a sturdy Titanium case paired harmoniously with a classic Leather strap. The luminous hands and markers on a striking blue dial create a bold time-reading experience. With a water resistance capacity of up to 10 ATM, Strap Tremila 261 is an ideal companion for the modern adventurer.<\/p>\n<p>In the same way, many adventurers seek thrill and excitement in <a href=\"https:\/\/nyecasino2026.no\/\">new casinos<\/a>, like those featured on Nye Casino &#8211; a top-rated site for new casino releases in Norway. Offering a rich catalog of fun-filled games, impressive rewards, and a digital environment secured with the latest technologies, Nye Casino ensures an unforgettable gaming experience for its patrons. <\/p>\n<p>Indeed, both Locman&#8217;s Strap Tremila 261 watch and Nye Casino&#8217;s platforms exemplify class, excitement, and innovation. Whether it&#8217;s cherishing the elegance of a finely crafted timepiece or exploring the thrilling world of new online casinos, one finds pleasure in the superlative quality and mesmerizing experiences these entities provide.<\/p><\/div>\n","protected":false},"excerpt":{"rendered":"<p>Strap TREMILA ref. 261\u00a0 &#8211; Nero Codice CIN0261BKBKGOA0 Fedezze fel a kifinomults\u00e1g \u00e9s a funkcionalit\u00e1s kombin\u00e1ci\u00f3j\u00e1t a Locman Italy Strap-Tremila-261 \u00f3r\u00e1j\u00e1ban. Ez a tekint\u00e9lyes darab, amely technol\u00f3giai innov\u00e1ci\u00f3j\u00e1r\u00f3l \u00e9s eleg\u00e1ns kialak\u00edt\u00e1s\u00e1r\u00f3l ismert, \u00edg\u00e9retes darab, amely mind az ig\u00e9nyes \u00f3rarajong\u00f3k, mind a kaszin\u00f3rajong\u00f3k figyelm\u00e9t felkelti. Az olyan jellemz\u0151kkel, mint az automatikus t\u00f6lt\u00e9s, a 40 \u00f3r\u00e1s j\u00e1r\u00e1startal\u00e9k [&hellip;]<\/p>\n","protected":false},"featured_media":6244,"template":"","meta":{"_acf_changed":false,"inline_featured_image":false},"product_brand":[],"product_cat":[922],"product_tag":[],"class_list":{"0":"post-8986","1":"product","2":"type-product","3":"status-publish","4":"has-post-thumbnail","6":"product_cat-senza-categoria-en","7":"product_shipping_class-cinturini-en","9":"first","10":"instock","11":"shipping-taxable","12":"purchasable","13":"product-type-simple"},"acf":[],"yoast_head":"<!-- This site is optimized with the Yoast SEO plugin v26.3 - https:\/\/yoast.com\/wordpress\/plugins\/seo\/ -->\n<title>Strap Tremila 261 - Locman<\/title>\n<meta name=\"robots\" content=\"index, follow, max-snippet:-1, max-image-preview:large, max-video-preview:-1\" \/>\n<link rel=\"canonical\" href=\"https:\/\/locman.it\/en\/orologi\/strap-tremila-261\/\" \/>\n<meta property=\"og:locale\" content=\"en_US\" \/>\n<meta property=\"og:type\" content=\"article\" \/>\n<meta property=\"og:title\" content=\"Strap Tremila 261 - Locman\" \/>\n<meta property=\"og:description\" content=\"Strap TREMILA ref. 261\u00a0 &#8211; Nero Codice CIN0261BKBKGOA0 Fedezze fel a kifinomults\u00e1g \u00e9s a funkcionalit\u00e1s kombin\u00e1ci\u00f3j\u00e1t a Locman Italy Strap-Tremila-261 \u00f3r\u00e1j\u00e1ban. Ez a tekint\u00e9lyes darab, amely technol\u00f3giai innov\u00e1ci\u00f3j\u00e1r\u00f3l \u00e9s eleg\u00e1ns kialak\u00edt\u00e1s\u00e1r\u00f3l ismert, \u00edg\u00e9retes darab, amely mind az ig\u00e9nyes \u00f3rarajong\u00f3k, mind a kaszin\u00f3rajong\u00f3k figyelm\u00e9t felkelti. Az olyan jellemz\u0151kkel, mint az automatikus t\u00f6lt\u00e9s, a 40 \u00f3r\u00e1s j\u00e1r\u00e1startal\u00e9k [&hellip;]\" \/>\n<meta property=\"og:url\" content=\"https:\/\/locman.it\/en\/orologi\/strap-tremila-261\/\" \/>\n<meta property=\"og:site_name\" content=\"Locman\" \/>\n<meta property=\"article:publisher\" content=\"https:\/\/www.facebook.com\/locman.italy\/\" \/>\n<meta property=\"article:modified_time\" content=\"2026-03-31T04:31:04+00:00\" \/>\n<meta property=\"og:image\" content=\"https:\/\/locman.it\/wp-content\/uploads\/2020\/12\/CIN0260BKBKGOA0_frontale.jpg\" \/>\n\t<meta property=\"og:image:width\" content=\"588\" \/>\n\t<meta property=\"og:image:height\" content=\"863\" \/>\n\t<meta property=\"og:image:type\" content=\"image\/jpeg\" \/>\n<meta name=\"twitter:card\" content=\"summary_large_image\" \/>\n<meta name=\"twitter:label1\" content=\"Est. reading time\" \/>\n\t<meta name=\"twitter:data1\" content=\"3 minutes\" \/>\n<script type=\"application\/ld+json\" class=\"yoast-schema-graph\">{\"@context\":\"https:\/\/schema.org\",\"@graph\":[{\"@type\":\"WebPage\",\"@id\":\"https:\/\/locman.it\/en\/orologi\/strap-tremila-261\/\",\"url\":\"https:\/\/locman.it\/en\/orologi\/strap-tremila-261\/\",\"name\":\"Strap Tremila 261 - Locman\",\"isPartOf\":{\"@id\":\"https:\/\/locman.it\/en\/#website\"},\"primaryImageOfPage\":{\"@id\":\"https:\/\/locman.it\/en\/orologi\/strap-tremila-261\/#primaryimage\"},\"image\":{\"@id\":\"https:\/\/locman.it\/en\/orologi\/strap-tremila-261\/#primaryimage\"},\"thumbnailUrl\":\"https:\/\/locman.it\/wp-content\/uploads\/2020\/12\/CIN0260BKBKGOA0_frontale.jpg\",\"datePublished\":\"2021-06-04T14:58:38+00:00\",\"dateModified\":\"2026-03-31T04:31:04+00:00\",\"breadcrumb\":{\"@id\":\"https:\/\/locman.it\/en\/orologi\/strap-tremila-261\/#breadcrumb\"},\"inLanguage\":\"en-US\",\"potentialAction\":[{\"@type\":\"ReadAction\",\"target\":[\"https:\/\/locman.it\/en\/orologi\/strap-tremila-261\/\"]}]},{\"@type\":\"ImageObject\",\"inLanguage\":\"en-US\",\"@id\":\"https:\/\/locman.it\/en\/orologi\/strap-tremila-261\/#primaryimage\",\"url\":\"https:\/\/locman.it\/wp-content\/uploads\/2020\/12\/CIN0260BKBKGOA0_frontale.jpg\",\"contentUrl\":\"https:\/\/locman.it\/wp-content\/uploads\/2020\/12\/CIN0260BKBKGOA0_frontale.jpg\",\"width\":588,\"height\":863},{\"@type\":\"BreadcrumbList\",\"@id\":\"https:\/\/locman.it\/en\/orologi\/strap-tremila-261\/#breadcrumb\",\"itemListElement\":[{\"@type\":\"ListItem\",\"position\":1,\"name\":\"Home\",\"item\":\"https:\/\/locman.it\/en\/\"},{\"@type\":\"ListItem\",\"position\":2,\"name\":\"Collections\",\"item\":\"https:\/\/locman.it\/en\/collections\/\"},{\"@type\":\"ListItem\",\"position\":3,\"name\":\"Strap Tremila 261\"}]},{\"@type\":\"WebSite\",\"@id\":\"https:\/\/locman.it\/en\/#website\",\"url\":\"https:\/\/locman.it\/en\/\",\"name\":\"LOCMAN Italy\",\"description\":\"Italian watchmaking\",\"potentialAction\":[{\"@type\":\"SearchAction\",\"target\":{\"@type\":\"EntryPoint\",\"urlTemplate\":\"https:\/\/locman.it\/en\/?s={search_term_string}\"},\"query-input\":{\"@type\":\"PropertyValueSpecification\",\"valueRequired\":true,\"valueName\":\"search_term_string\"}}],\"inLanguage\":\"en-US\"}]}<\/script>\n<!-- \/ Yoast SEO plugin. -->","yoast_head_json":{"title":"Strap Tremila 261 - Locman","robots":{"index":"index","follow":"follow","max-snippet":"max-snippet:-1","max-image-preview":"max-image-preview:large","max-video-preview":"max-video-preview:-1"},"canonical":"https:\/\/locman.it\/en\/orologi\/strap-tremila-261\/","og_locale":"en_US","og_type":"article","og_title":"Strap Tremila 261 - Locman","og_description":"Strap TREMILA ref. 261\u00a0 &#8211; Nero Codice CIN0261BKBKGOA0 Fedezze fel a kifinomults\u00e1g \u00e9s a funkcionalit\u00e1s kombin\u00e1ci\u00f3j\u00e1t a Locman Italy Strap-Tremila-261 \u00f3r\u00e1j\u00e1ban. Ez a tekint\u00e9lyes darab, amely technol\u00f3giai innov\u00e1ci\u00f3j\u00e1r\u00f3l \u00e9s eleg\u00e1ns kialak\u00edt\u00e1s\u00e1r\u00f3l ismert, \u00edg\u00e9retes darab, amely mind az ig\u00e9nyes \u00f3rarajong\u00f3k, mind a kaszin\u00f3rajong\u00f3k figyelm\u00e9t felkelti. Az olyan jellemz\u0151kkel, mint az automatikus t\u00f6lt\u00e9s, a 40 \u00f3r\u00e1s j\u00e1r\u00e1startal\u00e9k [&hellip;]","og_url":"https:\/\/locman.it\/en\/orologi\/strap-tremila-261\/","og_site_name":"Locman","article_publisher":"https:\/\/www.facebook.com\/locman.italy\/","article_modified_time":"2026-03-31T04:31:04+00:00","og_image":[{"width":588,"height":863,"url":"https:\/\/locman.it\/wp-content\/uploads\/2020\/12\/CIN0260BKBKGOA0_frontale.jpg","type":"image\/jpeg"}],"twitter_card":"summary_large_image","twitter_misc":{"Est. reading time":"3 minutes"},"schema":{"@context":"https:\/\/schema.org","@graph":[{"@type":"WebPage","@id":"https:\/\/locman.it\/en\/orologi\/strap-tremila-261\/","url":"https:\/\/locman.it\/en\/orologi\/strap-tremila-261\/","name":"Strap Tremila 261 - Locman","isPartOf":{"@id":"https:\/\/locman.it\/en\/#website"},"primaryImageOfPage":{"@id":"https:\/\/locman.it\/en\/orologi\/strap-tremila-261\/#primaryimage"},"image":{"@id":"https:\/\/locman.it\/en\/orologi\/strap-tremila-261\/#primaryimage"},"thumbnailUrl":"https:\/\/locman.it\/wp-content\/uploads\/2020\/12\/CIN0260BKBKGOA0_frontale.jpg","datePublished":"2021-06-04T14:58:38+00:00","dateModified":"2026-03-31T04:31:04+00:00","breadcrumb":{"@id":"https:\/\/locman.it\/en\/orologi\/strap-tremila-261\/#breadcrumb"},"inLanguage":"en-US","potentialAction":[{"@type":"ReadAction","target":["https:\/\/locman.it\/en\/orologi\/strap-tremila-261\/"]}]},{"@type":"ImageObject","inLanguage":"en-US","@id":"https:\/\/locman.it\/en\/orologi\/strap-tremila-261\/#primaryimage","url":"https:\/\/locman.it\/wp-content\/uploads\/2020\/12\/CIN0260BKBKGOA0_frontale.jpg","contentUrl":"https:\/\/locman.it\/wp-content\/uploads\/2020\/12\/CIN0260BKBKGOA0_frontale.jpg","width":588,"height":863},{"@type":"BreadcrumbList","@id":"https:\/\/locman.it\/en\/orologi\/strap-tremila-261\/#breadcrumb","itemListElement":[{"@type":"ListItem","position":1,"name":"Home","item":"https:\/\/locman.it\/en\/"},{"@type":"ListItem","position":2,"name":"Collections","item":"https:\/\/locman.it\/en\/collections\/"},{"@type":"ListItem","position":3,"name":"Strap Tremila 261"}]},{"@type":"WebSite","@id":"https:\/\/locman.it\/en\/#website","url":"https:\/\/locman.it\/en\/","name":"LOCMAN Italy","description":"Italian watchmaking","potentialAction":[{"@type":"SearchAction","target":{"@type":"EntryPoint","urlTemplate":"https:\/\/locman.it\/en\/?s={search_term_string}"},"query-input":{"@type":"PropertyValueSpecification","valueRequired":true,"valueName":"search_term_string"}}],"inLanguage":"en-US"}]}},"_links":{"self":[{"href":"https:\/\/locman.it\/en\/wp-json\/wp\/v2\/product\/8986","targetHints":{"allow":["GET"]}}],"collection":[{"href":"https:\/\/locman.it\/en\/wp-json\/wp\/v2\/product"}],"about":[{"href":"https:\/\/locman.it\/en\/wp-json\/wp\/v2\/types\/product"}],"wp:featuredmedia":[{"embeddable":true,"href":"https:\/\/locman.it\/en\/wp-json\/wp\/v2\/media\/6244"}],"wp:attachment":[{"href":"https:\/\/locman.it\/en\/wp-json\/wp\/v2\/media?parent=8986"}],"wp:term":[{"taxonomy":"product_brand","embeddable":true,"href":"https:\/\/locman.it\/en\/wp-json\/wp\/v2\/product_brand?post=8986"},{"taxonomy":"product_cat","embeddable":true,"href":"https:\/\/locman.it\/en\/wp-json\/wp\/v2\/product_cat?post=8986"},{"taxonomy":"product_tag","embeddable":true,"href":"https:\/\/locman.it\/en\/wp-json\/wp\/v2\/product_tag?post=8986"}],"curies":[{"name":"wp","href":"https:\/\/api.w.org\/{rel}","templated":true}]}}