{"id":19245,"date":"2023-11-08T15:59:43","date_gmt":"2023-11-08T14:59:43","guid":{"rendered":"https:\/\/locman.it\/?page_id=19245"},"modified":"2023-11-08T16:02:17","modified_gmt":"2023-11-08T15:02:17","slug":"terms-and-use-of-the-website","status":"publish","type":"page","link":"https:\/\/locman.it\/en\/terms-and-use-of-the-website\/","title":{"rendered":"Terms and Use of Website"},"content":{"rendered":"\r\n<p><em>Indice degli argomenti<\/em><\/p>\r\n<ol>\r\n<li><em>Premessa<\/em><\/li>\r\n<li><em>Servizi<\/em><\/li>\r\n<li><em>Registrazione al Sito<\/em><\/li>\r\n<li><em>Uso consentito del Sito<\/em><\/li>\r\n<li><em>Uso vietato del Sito<\/em><\/li>\r\n<li><em>Responsabilit\u00e0 dell\u2019Utente<\/em><\/li>\r\n<li><em>Propriet\u00e0 intellettuale della Societ\u00e0<\/em><\/li>\r\n<li><em>Assenza di garanzia<\/em><\/li>\r\n<li><em>Limitazione di responsabilit\u00e0<\/em><\/li>\r\n<li><em>Privacy<\/em><\/li>\r\n<li><em>Comunicazioni e reclami<\/em><\/li>\r\n<li><em>Legge applicabile e risoluzione delle controversie<\/em><\/li>\r\n<li><em>Disposizioni finali<\/em><\/li>\r\n<\/ol>\r\n<p>&nbsp;<\/p>\r\n<ol>\r\n<li><strong>Premessa<\/strong>\r\n<ul>\r\n<li>Il sito <em>web<\/em> collegato al nome a dominio \u201cwww.locman.it\u201d (di seguito, il \u201c<strong>Sito<\/strong>\u201d) \u00e8 di propriet\u00e0 di LOCMAN S.P.A. (C.F. 08504700157, P.IVA 01190380491) con sede legale in 57034 \u2013 Campo Nell\u2019Elba (LI), Piazza Giovanni da Verrazzano, n. 7, in persona del legale rappresentante <em>pro tempore<\/em> (di seguito, la \u201c<strong>Societ\u00e0<\/strong>\u201d) ed \u00e8 dedicato alla presentazione della Societ\u00e0 e all\u2019offerta in vendita per via telematica degli orologi, degli accessori per orologi, dell\u2019abbigliamento e degli occhiali a marchio \u201cLOCMAN<sup>\u00ae<\/sup>\u201d (di seguito, gli \u201c<strong>Articoli<\/strong>\u201d).<\/li>\r\n<li>I presenti termini e condizioni del Sito (di seguito, i \u201c<strong>T&amp;C \u2013 Uso del Sito<\/strong>\u201d) disciplinano le modalit\u00e0 con cui la Societ\u00e0 concede agli utenti del Sito (di seguito, gli \u201c<strong>Utenti<\/strong>\u201d o, al singolare, l\u2019\u201c<strong>Utente<\/strong>\u201d) il diritto di navigare nel Sito e di acquistare gli Articoli.<\/li>\r\n<li>La navigazione, la registrazione di un <em>account <\/em>personale, l\u2019utilizzo del <em>form<\/em> di contatto del Sito e l\u2019acquisto tramite il Sito degli Articoli sono subordinati all\u2019accettazione dei presenti T&amp;C \u2013 Uso del Sito, dell\u2019<a href=\"https:\/\/locman.it\/privacy-policy\/\">informativa sul trattamento dei dati personali<\/a> (di seguito, \u201c<strong>Privacy Policy<\/strong>\u201d) e dell\u2019<a href=\"https:\/\/locman.it\/cookie-policy\/\">informativa estesa sull\u2019utilizzo dei <em>cookie<\/em><\/a> (di seguito, \u201c<strong>Cookie Policy<\/strong>\u201d), accettazione che si intende perfezionata con la consultazione da parte dell\u2019Utente di qualsiasi pagina del Sito. Qualora l\u2019Utente non intenda accettare i presenti T&amp;C, la Privacy Policy e la Cookie Policy, \u00e8 sufficiente che si astenga dal navigare sul Sito e\/o dal fruire del servizio di acquisto <em>online<\/em> degli Articoli ivi presenti.<\/li>\r\n<li>Inoltre, nel presente Sito sono pubblicate anche i <a href=\"https:\/\/locman.it\/termini-e-condizioni\/\">termini e condizioni di vendita sul Sito<\/a> (di seguito, i \u201c<strong>T&amp;C \u2013 Vendita<\/strong>\u201d).<\/li>\r\n<\/ul>\r\n<\/li>\r\n<\/ol>\r\n<ol start=\"2\">\r\n<li><strong>Servizi<\/strong>\r\n<ul>\r\n<li>Attraverso il Sito, la Societ\u00e0 offre i seguenti servizi (di seguito, i \u201c<strong>Servizi<\/strong>\u201d).<\/li>\r\n<li><u>Presentazione ed offerta in vendita degli Articoli<\/u>. Tramite il Sito, l\u2019Utente pu\u00f2 acquistare gli Articoli offerti in vendita dalla Societ\u00e0. Per conoscere i termini e condizioni di vendita degli Articoli offerti dalla Societ\u00e0 sul Sito, si invita l\u2019Utente a consultare gli appositi <a href=\"https:\/\/locman.it\/termini-e-condizioni\/\">T&amp;C \u2013 Vendita<\/a>.<\/li>\r\n<li><u>Registrazione dell\u2019orologio<\/u>. L\u2019Utente registrato al Sito pu\u00f2 registrare il proprio orologio a marchio \u201cLOCMAN<sup>\u00ae<\/sup>\u201d indicando numero di referenza, codice seriale, data e luogo o sito di acquistato dell\u2019orologio. Tramite il servizio di \u201cregistrazione dell\u2019orologio\u201d, l\u2019Utente pu\u00f2 accedere ad una sezione del Sito dedicata alla \u201ccollezione\u201d digitale degli orologi dell\u2019Utente.<\/li>\r\n<li><u>Modulo di contatto<\/u>. L&#8217;Utente pu\u00f2 contattare la Societ\u00e0 per richiedere informazioni compilando il modulo di contatto fornito sul Sito e autorizzando la Societ\u00e0 al trattamento dei dati forniti. Il servizio di modulo di contatto del Sito non \u00e8 destinato a ini di 16 (sedici) anni o ai minori la cui et\u00e0 rende illegale il trattamento dei loro dati personali o richiede il consenso dei genitori per il trattamento degli stessi ai sensi di altre leggi locali. Per ulteriori informazioni al riguardo, l&#8217;Utente \u00e8 invitato a consultare la sezione &#8220;<em>Minorenni&#8221; <\/em>della <a href=\"https:\/\/locman.it\/privacy-policy\/\">Privacy Policy<\/a>.<\/li>\r\n<li><u>Newsletter<\/u>. Completando la procedura di registrazione alla newsletter offerta sul Sito e quindi autorizzando la Societ\u00e0 al trattamento dei dati forniti, l&#8217;Utente accetta di ricevere messaggi, anche pubblicitari, elaborati anche per mezzo di strumenti automatici di invio di messaggi di terze parti. L&#8217;Utente potr\u00e0 disiscriversi in qualsiasi momento dalla <em>newsletter<\/em> cliccando sull&#8217;apposito <em>link<\/em> presente in calce ai messaggi oppure scrivendo a <a href=\"mailto:info@locman.it\">info@locman.it<\/a>. Il servizio di <em>newsletter<\/em> del Sito non \u00e8 destinato a minori di 16 (sedici) anni o ai minori la cui et\u00e0 rende illegale il trattamento dei loro dati personali o richiede il consenso dei genitori per il trattamento degli stessi ai sensi di altre leggi locali. Per ulteriori informazioni al riguardo, l&#8217;Utente \u00e8 invitato a consultare la sezione &#8220;<em>Minorenni&#8221; <\/em>della <a href=\"https:\/\/locman.it\/privacy-policy\/\">Privacy Policy<\/a>.<\/li>\r\n<\/ul>\r\n<\/li>\r\n<\/ol>\r\n<ol start=\"3\">\r\n<li><strong>Registrazione al Sito<\/strong>\r\n<ul>\r\n<li>Fatto salvo il servizio di \u201cregistrazione dell\u2019orologio\u201d di cui al precedente art. 3, per usufruire dei Servizi del Sito non \u00e8 richiesto un <em>account<\/em>.<\/li>\r\n<li>La registrazione al Sito \u00e8 gratuita. Per registrarsi, il Consumatore deve cliccare sull\u2019immagine \u201c\u201d <em>nell\u2019header <\/em>del Sito, poi cliccare su \u201c<em>REGISTRATI<\/em>\u201d, quindi compilare il modulo di registrazione inserendo il proprio nome, cognome, indirizzo <em>e-mail<\/em> valido e funzionante, <em>password<\/em>, poi accettare la Privacy Policy cliccando sull\u2019apposita casella e, infine, cliccare su &#8220;<em>REGISTRATI<\/em>&#8221; in fondo al modulo. La registrazione sar\u00e0 confermata al Consumatore via <em>e-mail<\/em>.<\/li>\r\n<li>I dati di registrazione possono essere utilizzati solo dall\u2019Utente e non possono essere trasmessi a terzi. L\u2019Utente si impegna a mantenerli segreti e a garantire che nessuno abbia accesso ad essi. Egli informer\u00e0 immediatamente la Societ\u00e0 di qualsiasi sospetto di uso improprio e\/o divulgazione.<\/li>\r\n<li>L\u2019Utente garantisce che le informazioni personali fornite durante il processo di registrazione al Sito sono complete e veritiere. L\u2019Utente si impegna a manlevare la Societ\u00e0 da qualsiasi obbligo, al risarcimento dei danni e\/o delle penali derivanti dalla violazione da parte dell\u2019Utente delle norme che disciplinano la registrazione al Sito.<\/li>\r\n<\/ul>\r\n<\/li>\r\n<\/ol>\r\n<ol start=\"4\">\r\n<li><strong>Uso consentito del Sito<\/strong>\r\n<ul>\r\n<li>La Societ\u00e0 autorizza l\u2019Utente ad un uso solo personale e non commerciale del Sito ed esclusivamente per usufruire dei Servizi presenti sul Sito ed eventualmente per registrarsi al Sito o richiedere informazioni.<\/li>\r\n<li>In ogni caso, L\u2019Utente dovr\u00e0 utilizzare il Sito attenendosi ai presenti T&amp;C \u2013 Uso del Sito.<\/li>\r\n<\/ul>\r\n<\/li>\r\n<\/ol>\r\n<ol start=\"5\">\r\n<li><strong>Uso vietato del Sito<\/strong>\r\n<ul>\r\n<li>L\u2019Utente non pu\u00f2 modificare, pubblicare, duplicare, concedere in licenza, cedere, ripubblicare su siti di terzi, vendere i servizi, i documenti, le immagini, i testi, i contenuti pubblicati sul Sito, se non espressamente autorizzato dalla Societ\u00e0.<\/li>\r\n<\/ul>\r\n<\/li>\r\n<\/ol>\r\n<ol start=\"6\">\r\n<li><strong>Responsabilit\u00e0 dell\u2019Utente<\/strong>\r\n<ul>\r\n<li>L\u2019Utente accetta di essere l\u2019unico responsabile per qualsiasi inadempimento delle obbligazioni di cui ai presenti T&amp;C \u2013 Uso del Sito e per le conseguenze di qualsiasi violazione.<\/li>\r\n<li>L\u2019Utente che utilizza i moduli presenti nel Sito dedicati al <em>form<\/em> di contatto ha l\u2019obbligo di fornire dati personali veritieri, corretti, verificabili ed aggiornati.<\/li>\r\n<\/ul>\r\n<\/li>\r\n<\/ol>\r\n<ol start=\"7\">\r\n<li><strong>Propriet\u00e0 intellettuale della Societ\u00e0<\/strong>\r\n<ul>\r\n<li>L\u2019Utente riconosce che la denominazione e marchio registrato \u201cLOCMAN<sup>\u00ae<\/sup>\u201d (ed ogni sua variante grafica), il <em>design <\/em>degli Articoli, l\u2019impaginazione, la struttura, i testi, le immagini, i documenti del Sito, il <em>design<\/em> delle pagine ed i suoi elementi sono oggetto di diritti esclusivi della Societ\u00e0 o concessi in licenza alla Societ\u00e0 (di seguito, la \u201c<strong>Propriet\u00e0 Intellettuale<\/strong>\u201d).<\/li>\r\n<li>L\u2019Utente del Sito riconosce la validit\u00e0 della Propriet\u00e0 Intellettuale e si impegna a non contestarla e riconosce di non aver alcun diritto su tutta o parte della Propriet\u00e0 Intellettuale.<\/li>\r\n<li>Il Sito potrebbe contenere diritti di propriet\u00e0 intellettuale di terzi, che l\u2019Utente si impegna a rispettare.<\/li>\r\n<li>\u00c8 vietato all\u2019Utente l\u2019uso, anche parziale, della Propriet\u00e0 Intellettuale con qualsiasi mezzo, analogico o digitale, senza l\u2019autorizzazione scritta della Societ\u00e0. \u00c8 parimenti vietato all\u2019Utente registrare o cercare di registrare tutta o parte della Propriet\u00e0 Intellettuale.<\/li>\r\n<\/ul>\r\n<\/li>\r\n<\/ol>\r\n<ol start=\"8\">\r\n<li><strong>Assenza di garanzia<\/strong>\r\n<ul>\r\n<li>Il Sito e i Servizi da questo resi, che vengono forniti allo stato di fatto e di diritto in cui si trovano, non garantiscono all\u2019Utente che l\u2019uso del Sito potr\u00e0 essere privo di interruzioni, tempestivo, sicuro o privo di errori e che qualsiasi informazione ottenuta dall\u2019Utente come un risultato dell\u2019uso del Sito, sar\u00e0 corretta o affidabile e che i difetti del funzionamento saranno riparati.<\/li>\r\n<li>La Societ\u00e0 non \u00e8 responsabile, n\u00e9 verso l\u2019Utente, n\u00e9 verso soggetti direttamente o indirettamente collegati all\u2019Utente stesso, per danni, pretese o perdite derivanti da disservizi o sospensioni del Sito che dipendano dall\u2019Utente stesso, da terzi o causati da forza maggiore o caso fortuito.<\/li>\r\n<li>L\u2019esistenza di un collegamento ipertestuale (c.d. <em>link<\/em>) puntato verso il Sito da un altro sito <em>web<\/em> di terzi, oppure puntato dal Sito verso un altro sito <em>web<\/em> di terzi, non comporta l\u2019approvazione o un\u2019accettazione di responsabilit\u00e0 da parte della Societ\u00e0 circa il contenuto o l\u2019utilizzazione dei siti in tal modo collegati.<\/li>\r\n<li>La Societ\u00e0 si riserva, in qualunque momento, senza alcuna forma di preavviso e senza alcun obbligo di indennizzo ed a sua esclusiva discrezione, la facolt\u00e0 di chiudere il Sito e\/o effettuare eventuali modifiche e\/o integrazioni al suo contenuto che dovesse ritenere opportune.<\/li>\r\n<\/ul>\r\n<\/li>\r\n<\/ol>\r\n<p><strong>\u00a0<\/strong><\/p>\r\n<ol start=\"9\">\r\n<li><strong>Limitazione di responsabilit\u00e0<\/strong>\r\n<ul>\r\n<li>Nessuna condizione, garanzia o altro termine si applica al Sito tranne nella misura in cui sono espressamente stabiliti nei presenti T&amp;C \u2013 Uso del Sito.<\/li>\r\n<li>Nei limiti stabiliti dalla legge, la Societ\u00e0 non sar\u00e0 responsabile nei confronti dell\u2019Utente per qualsiasi perdita diretta o indiretta o consequenziale che potrebbe subire dall\u2019uso del Sito, inclusi la perdita di profitto, l\u2019assenza di profitto, i danni all\u2019immagine ed altri.<\/li>\r\n<\/ul>\r\n<\/li>\r\n<\/ol>\r\n<p><strong>\u00a0<\/strong><\/p>\r\n<ol start=\"10\">\r\n<li><strong>Privacy<\/strong>\r\n<ul>\r\n<li>I dati personali dell&#8217;Utente sono trattati dalla Societ\u00e0 in conformit\u00e0 alla normativa vigente in materia di protezione dei dati personali.<\/li>\r\n<li>Per maggiori informazioni, comprese le finalit\u00e0 del trattamento, si rimanda alla <a href=\"https:\/\/locman.it\/privacy-policy\/\">Privacy Policy<\/a> e alla <a href=\"https:\/\/locman.it\/cookie-policy\/\">Cookie Policy<\/a>.<\/li>\r\n<\/ul>\r\n<\/li>\r\n<\/ol>\r\n<p><strong>\u00a0<\/strong><\/p>\r\n<ol start=\"11\">\r\n<li><strong>Comunicazioni e reclami<\/strong>\r\n<ul>\r\n<li>L\u2019Utente pu\u00f2 richiedere qualsiasi informazione e\/o inviare comunicazioni e\/o presentare reclami. Tali comunicazioni dirette alla Societ\u00e0 e gli eventuali reclami saranno validi se inoltrati via <em>e-mail <\/em>a <a href=\"mailto:info@locman.it\">info@locman.it<\/a>.<\/li>\r\n<\/ul>\r\n<\/li>\r\n<\/ol>\r\n<p><strong>\u00a0<\/strong><\/p>\r\n<ol start=\"12\">\r\n<li><strong>Legge applicabile e risoluzione delle controversie<\/strong>\r\n<ul>\r\n<li>I presenti T&amp;C \u2013 Uso del Sito sono regolati dalla legge italiana.<\/li>\r\n<li>Le controversie tra la Societ\u00e0 e l\u2019Utente collegate o connesse all\u2019utilizzo del Sito, qualora non siano componibili in via amichevole, sono riservate alla giurisdizione italiana e sono di competenza territoriale esclusiva del Foro di Milano, fermo restando il foro del consumatore, laddove applicabile per legge.<\/li>\r\n<\/ul>\r\n<\/li>\r\n<\/ol>\r\n<p><strong>\u00a0<\/strong><\/p>\r\n<ol start=\"13\">\r\n<li><strong>Disposizioni finali<\/strong>\r\n<ul>\r\n<li>I presenti T&amp;C \u2013 Uso del Sito abrogano e sostituiscono ogni accordo, intesa, negoziazione, scritto od orale, intervenuto in precedenza tra l\u2019Utente e la Societ\u00e0.<\/li>\r\n<li>Qualora una o pi\u00f9 diposizioni dei presenti T&amp;C \u2013 Uso del Sito venisse considerata non valida o dichiarata tale ai sensi della legge, le altre disposizioni continueranno ad avere pieno vigore ed efficacia.<\/li>\r\n<li>La circostanza che la Societ\u00e0 non faccia in qualsiasi momento valere i diritti riconosciuti da una o pi\u00f9 disposizioni dei presenti T&amp;C \u2013 Uso del Sito non potr\u00e0 essere intesa come rinuncia a tali diritti n\u00e9 impedir\u00e0 di pretenderne successivamente l\u2019osservanza.<\/li>\r\n<li>I presenti T&amp;C \u2013 Uso del Sito potrebbero essere soggette ad aggiornamenti. Si prega l&#8217;Utente di prendere visione della versione pubblicata e della data di aggiornamento.<\/li>\r\n<\/ul>\r\n<\/li>\r\n<\/ol>\r\n<p>Versione: 6 novembre 2023<\/p>\r\n<p><\/p>","protected":false},"excerpt":{"rendered":"<p>Indice degli argomenti Premessa Servizi Registrazione al Sito Uso consentito del Sito Uso vietato del Sito Responsabilit\u00e0 dell\u2019Utente Propriet\u00e0 intellettuale della Societ\u00e0 Assenza di garanzia Limitazione di responsabilit\u00e0 Privacy Comunicazioni e reclami Legge applicabile e risoluzione delle controversie Disposizioni finali &nbsp; Premessa Il sito web collegato al nome a dominio \u201cwww.locman.it\u201d (di seguito, il \u201cSito\u201d) [&hellip;]<\/p>\n","protected":false},"author":2,"featured_media":0,"parent":0,"menu_order":0,"comment_status":"closed","ping_status":"closed","template":"","meta":{"_acf_changed":false,"inline_featured_image":false,"footnotes":""},"class_list":["post-19245","page","type-page","status-publish","hentry"],"acf":[],"yoast_head":"<!-- This site is optimized with the Yoast SEO plugin v26.3 - https:\/\/yoast.com\/wordpress\/plugins\/seo\/ -->\n<title>Terms and Use of Website - Locman<\/title>\n<meta name=\"robots\" content=\"index, follow, max-snippet:-1, max-image-preview:large, max-video-preview:-1\" \/>\n<link rel=\"canonical\" href=\"https:\/\/locman.it\/en\/terms-and-use-of-the-website\/\" \/>\n<meta property=\"og:locale\" content=\"en_US\" \/>\n<meta property=\"og:type\" content=\"article\" \/>\n<meta property=\"og:title\" content=\"Terms and Use of Website - Locman\" \/>\n<meta property=\"og:description\" content=\"Indice degli argomenti Premessa Servizi Registrazione al Sito Uso consentito del Sito Uso vietato del Sito Responsabilit\u00e0 dell\u2019Utente Propriet\u00e0 intellettuale della Societ\u00e0 Assenza di garanzia Limitazione di responsabilit\u00e0 Privacy Comunicazioni e reclami Legge applicabile e risoluzione delle controversie Disposizioni finali &nbsp; Premessa Il sito web collegato al nome a dominio \u201cwww.locman.it\u201d (di seguito, il \u201cSito\u201d) [&hellip;]\" \/>\n<meta property=\"og:url\" content=\"https:\/\/locman.it\/en\/terms-and-use-of-the-website\/\" \/>\n<meta property=\"og:site_name\" content=\"Locman\" \/>\n<meta property=\"article:publisher\" content=\"https:\/\/www.facebook.com\/locman.italy\/\" \/>\n<meta property=\"article:modified_time\" content=\"2023-11-08T15:02:17+00:00\" \/>\n<meta name=\"twitter:card\" content=\"summary_large_image\" \/>\n<meta name=\"twitter:label1\" content=\"Est. reading time\" \/>\n\t<meta name=\"twitter:data1\" content=\"9 minutes\" \/>\n<script type=\"application\/ld+json\" class=\"yoast-schema-graph\">{\"@context\":\"https:\/\/schema.org\",\"@graph\":[{\"@type\":\"WebPage\",\"@id\":\"https:\/\/locman.it\/en\/terms-and-use-of-the-website\/\",\"url\":\"https:\/\/locman.it\/en\/terms-and-use-of-the-website\/\",\"name\":\"Terms and Use of Website - Locman\",\"isPartOf\":{\"@id\":\"https:\/\/locman.it\/en\/#website\"},\"datePublished\":\"2023-11-08T14:59:43+00:00\",\"dateModified\":\"2023-11-08T15:02:17+00:00\",\"breadcrumb\":{\"@id\":\"https:\/\/locman.it\/en\/terms-and-use-of-the-website\/#breadcrumb\"},\"inLanguage\":\"en-US\",\"potentialAction\":[{\"@type\":\"ReadAction\",\"target\":[\"https:\/\/locman.it\/en\/terms-and-use-of-the-website\/\"]}]},{\"@type\":\"BreadcrumbList\",\"@id\":\"https:\/\/locman.it\/en\/terms-and-use-of-the-website\/#breadcrumb\",\"itemListElement\":[{\"@type\":\"ListItem\",\"position\":1,\"name\":\"Home\",\"item\":\"https:\/\/locman.it\/en\/\"},{\"@type\":\"ListItem\",\"position\":2,\"name\":\"Terms and Use of Website\"}]},{\"@type\":\"WebSite\",\"@id\":\"https:\/\/locman.it\/en\/#website\",\"url\":\"https:\/\/locman.it\/en\/\",\"name\":\"LOCMAN Italy\",\"description\":\"Italian watchmaking\",\"potentialAction\":[{\"@type\":\"SearchAction\",\"target\":{\"@type\":\"EntryPoint\",\"urlTemplate\":\"https:\/\/locman.it\/en\/?s={search_term_string}\"},\"query-input\":{\"@type\":\"PropertyValueSpecification\",\"valueRequired\":true,\"valueName\":\"search_term_string\"}}],\"inLanguage\":\"en-US\"}]}<\/script>\n<!-- \/ Yoast SEO plugin. -->","yoast_head_json":{"title":"Terms and Use of Website - Locman","robots":{"index":"index","follow":"follow","max-snippet":"max-snippet:-1","max-image-preview":"max-image-preview:large","max-video-preview":"max-video-preview:-1"},"canonical":"https:\/\/locman.it\/en\/terms-and-use-of-the-website\/","og_locale":"en_US","og_type":"article","og_title":"Terms and Use of Website - Locman","og_description":"Indice degli argomenti Premessa Servizi Registrazione al Sito Uso consentito del Sito Uso vietato del Sito Responsabilit\u00e0 dell\u2019Utente Propriet\u00e0 intellettuale della Societ\u00e0 Assenza di garanzia Limitazione di responsabilit\u00e0 Privacy Comunicazioni e reclami Legge applicabile e risoluzione delle controversie Disposizioni finali &nbsp; Premessa Il sito web collegato al nome a dominio \u201cwww.locman.it\u201d (di seguito, il \u201cSito\u201d) [&hellip;]","og_url":"https:\/\/locman.it\/en\/terms-and-use-of-the-website\/","og_site_name":"Locman","article_publisher":"https:\/\/www.facebook.com\/locman.italy\/","article_modified_time":"2023-11-08T15:02:17+00:00","twitter_card":"summary_large_image","twitter_misc":{"Est. reading time":"9 minutes"},"schema":{"@context":"https:\/\/schema.org","@graph":[{"@type":"WebPage","@id":"https:\/\/locman.it\/en\/terms-and-use-of-the-website\/","url":"https:\/\/locman.it\/en\/terms-and-use-of-the-website\/","name":"Terms and Use of Website - Locman","isPartOf":{"@id":"https:\/\/locman.it\/en\/#website"},"datePublished":"2023-11-08T14:59:43+00:00","dateModified":"2023-11-08T15:02:17+00:00","breadcrumb":{"@id":"https:\/\/locman.it\/en\/terms-and-use-of-the-website\/#breadcrumb"},"inLanguage":"en-US","potentialAction":[{"@type":"ReadAction","target":["https:\/\/locman.it\/en\/terms-and-use-of-the-website\/"]}]},{"@type":"BreadcrumbList","@id":"https:\/\/locman.it\/en\/terms-and-use-of-the-website\/#breadcrumb","itemListElement":[{"@type":"ListItem","position":1,"name":"Home","item":"https:\/\/locman.it\/en\/"},{"@type":"ListItem","position":2,"name":"Terms and Use of Website"}]},{"@type":"WebSite","@id":"https:\/\/locman.it\/en\/#website","url":"https:\/\/locman.it\/en\/","name":"LOCMAN Italy","description":"Italian watchmaking","potentialAction":[{"@type":"SearchAction","target":{"@type":"EntryPoint","urlTemplate":"https:\/\/locman.it\/en\/?s={search_term_string}"},"query-input":{"@type":"PropertyValueSpecification","valueRequired":true,"valueName":"search_term_string"}}],"inLanguage":"en-US"}]}},"_links":{"self":[{"href":"https:\/\/locman.it\/en\/wp-json\/wp\/v2\/pages\/19245","targetHints":{"allow":["GET"]}}],"collection":[{"href":"https:\/\/locman.it\/en\/wp-json\/wp\/v2\/pages"}],"about":[{"href":"https:\/\/locman.it\/en\/wp-json\/wp\/v2\/types\/page"}],"author":[{"embeddable":true,"href":"https:\/\/locman.it\/en\/wp-json\/wp\/v2\/users\/2"}],"replies":[{"embeddable":true,"href":"https:\/\/locman.it\/en\/wp-json\/wp\/v2\/comments?post=19245"}],"version-history":[{"count":3,"href":"https:\/\/locman.it\/en\/wp-json\/wp\/v2\/pages\/19245\/revisions"}],"predecessor-version":[{"id":19249,"href":"https:\/\/locman.it\/en\/wp-json\/wp\/v2\/pages\/19245\/revisions\/19249"}],"wp:attachment":[{"href":"https:\/\/locman.it\/en\/wp-json\/wp\/v2\/media?parent=19245"}],"curies":[{"name":"wp","href":"https:\/\/api.w.org\/{rel}","templated":true}]}}